{"id":9,"date":"2018-05-17T00:13:48","date_gmt":"2018-05-16T22:13:48","guid":{"rendered":"http:\/\/yoga-chamanisme.com\/?page_id=9"},"modified":"2020-06-18T07:56:19","modified_gmt":"2020-06-18T05:56:19","slug":"yoga","status":"publish","type":"page","link":"https:\/\/yoga-chamanisme.com\/index.php\/yoga\/","title":{"rendered":"YOGA"},"content":{"rendered":"<div class=\"page\" title=\"Page 1\"><\/div>\n<p><img decoding=\"async\" loading=\"lazy\" class=\"alignleft size-medium wp-image-57\" src=\"https:\/\/yoga-chamanisme.com\/wp-content\/uploads\/2018\/05\/paschimo-plume-200x300.jpg\" alt=\"paschimo plume\" width=\"200\" height=\"300\" srcset=\"https:\/\/yoga-chamanisme.com\/wp-content\/uploads\/2018\/05\/paschimo-plume-200x300.jpg 200w, https:\/\/yoga-chamanisme.com\/wp-content\/uploads\/2018\/05\/paschimo-plume.jpg 426w\" sizes=\"(max-width: 200px) 100vw, 200px\" \/>Sandrine et Pierre proposent de revenir aux fondamentaux du Hatha Yoga.<\/p>\n<p>Tous deux form\u00e9s au sein de l&rsquo;Ecole Fran\u00e7aise de Yoga de la rue Aubriot \u00e0 Paris, suivant les lign\u00e9es Hahoutoff (Patrick Tomatis et Philippe de Fallois) et Yoga de l&rsquo;Energie (Boris Tatzky), ils sont membres de la F\u00e9d\u00e9ration Nationale des Enseignants de Yoga.<\/p>\n<p>L&rsquo;enseignement, axe\u0301 sur un travail postural pre\u0301cis, aura pour principal effet d\u2019induire des corrections du maintien, et d\u2019ame\u0301liorer la fluidite\u0301 de l\u2019espace verte\u0301bral, sie\u0300ge de l\u2019indispensable libre-circulation de l\u2019e\u0301nergie vitale.<\/p>\n<p>Accompagne\u0301e d\u2019un effort permanent sur la qualite\u0301 de nos respirations, en conscience, cette pratique, avec l\u2019e\u0301panouissement pulmonaire providentiel qui en de\u0301coule, nous libe\u0300re de blocages connus, mais aussi de tensions ignore\u0301es, sous jacentes, qui nous assaillent, et nous re\u0301duisent.<\/p>\n<p>Le champ de conscience, ainsi affranchi de ses points de fixation, et pre\u0301occupations re\u0301manentes, bien souvent imaginaires, s\u2019en trouvera clarifie\u0301.<\/p>\n<p>Les enchainements posturaux et respiratoires seront lie\u0301s par de ne\u0301cessaires instants d\u2019immobilite\u0301, salutaires, pendant lesquels soupirs et ba\u0302illements ache\u0300veront d\u2019e\u0301vacuer ce qui nous obscurcit.<br \/>\nFermement e\u0301tabli dans cet e\u0301tat d\u2019unicite\u0301, nous nous appliquerons a\u0300 l\u2019e\u0301coute de nos ressentis profonds.<\/p>\n<p>La frontie\u0300re de nos mondes inte\u0301rieurs et exte\u0301rieurs perdra peu a\u0300 peu de son sens, et s\u2019effacera pour permettre l\u2019e\u0301mergence d\u2019une force globale, sans se\u0301paration, ni division, vitalite\u0301 dont nous sommes tous de\u0301positaires, quelque soit nos conditions et e\u0301tats de sante\u0301.<\/p>\n<p>Concentration et me\u0301ditation, en fin de cours, permettront la leve\u0301e des obstacles a\u0300 notre propre re\u0301alisation, et affirmeront les acquis e\u0301tablis pendant la se\u0301ance, en harmonie avec notre constitution holistique.<\/p>\n","protected":false},"excerpt":{"rendered":"<p>Sandrine et Pierre proposent de revenir aux fondamentaux du Hatha Yoga. Tous deux form\u00e9s au sein de l&rsquo;Ecole Fran\u00e7aise de Yoga de la rue Aubriot \u00e0 Paris, suivant les lign\u00e9es Hahoutoff (Patrick Tomatis et Philippe de Fallois) et Yoga de &hellip; <a href=\"https:\/\/yoga-chamanisme.com\/index.php\/yoga\/\">Lire la suite\u00ad\u00ad<\/a><\/p>\n","protected":false},"author":1,"featured_media":0,"parent":0,"menu_order":0,"comment_status":"closed","ping_status":"closed","template":"","meta":[],"_links":{"self":[{"href":"https:\/\/yoga-chamanisme.com\/index.php\/wp-json\/wp\/v2\/pages\/9"}],"collection":[{"href":"https:\/\/yoga-chamanisme.com\/index.php\/wp-json\/wp\/v2\/pages"}],"about":[{"href":"https:\/\/yoga-chamanisme.com\/index.php\/wp-json\/wp\/v2\/types\/page"}],"author":[{"embeddable":true,"href":"https:\/\/yoga-chamanisme.com\/index.php\/wp-json\/wp\/v2\/users\/1"}],"replies":[{"embeddable":true,"href":"https:\/\/yoga-chamanisme.com\/index.php\/wp-json\/wp\/v2\/comments?post=9"}],"version-history":[{"count":5,"href":"https:\/\/yoga-chamanisme.com\/index.php\/wp-json\/wp\/v2\/pages\/9\/revisions"}],"predecessor-version":[{"id":113,"href":"https:\/\/yoga-chamanisme.com\/index.php\/wp-json\/wp\/v2\/pages\/9\/revisions\/113"}],"wp:attachment":[{"href":"https:\/\/yoga-chamanisme.com\/index.php\/wp-json\/wp\/v2\/media?parent=9"}],"curies":[{"name":"wp","href":"https:\/\/api.w.org\/{rel}","templated":true}]}}