{"id":732,"date":"2022-05-26T16:50:39","date_gmt":"2022-05-26T14:50:39","guid":{"rendered":"https:\/\/yoga-chamanisme.com\/?page_id=732"},"modified":"2025-10-30T18:33:13","modified_gmt":"2025-10-30T17:33:13","slug":"stage-stellar","status":"publish","type":"page","link":"https:\/\/yoga-chamanisme.com\/index.php\/stage-stellar\/","title":{"rendered":"Stage STELLAR"},"content":{"rendered":"\n<figure class=\"wp-block-image size-large\"><img decoding=\"async\" loading=\"lazy\" width=\"720\" height=\"540\" src=\"https:\/\/yoga-chamanisme.com\/wp-content\/uploads\/2022\/05\/celeste-2.jpg\" alt=\"\" class=\"wp-image-754\" srcset=\"https:\/\/yoga-chamanisme.com\/wp-content\/uploads\/2022\/05\/celeste-2.jpg 720w, https:\/\/yoga-chamanisme.com\/wp-content\/uploads\/2022\/05\/celeste-2-300x225.jpg 300w\" sizes=\"(max-width: 720px) 100vw, 720px\" \/><\/figure>\n\n\n\n<p class=\"has-text-align-center\"><strong>Etudes c\u00e9lestes<\/strong><\/p>\n\n\n\n<p class=\"has-text-align-center\"><strong>Voyages et \u00e9tats modifi\u00e9s de conscience \u00e0 longues port\u00e9es<\/strong><\/p>\n\n\n\n<p class=\"has-text-align-center\"><strong>Th\u00e9matique : Ombre &amp; Lumi\u00e8re<\/strong><\/p>\n\n\n\n<h4><strong>Prochaines Dates et Lieux :<\/strong><\/h4>\n\n\n\n<ul>\n<li>Du vendredi 19h00 au dimanche 17h00 \u2013\u00a0<strong>9 10 11 OCTOBRE 2026 \u00e0 Lizi\u00e8res<\/strong><\/li>\n<\/ul>\n\n\n\n<p class=\"has-text-align-center\"><a rel=\"noreferrer noopener\" href=\"https:\/\/docs.google.com\/forms\/d\/10W7kU6E7ICmDIu3ju77NfHW-t3Wg40uU5zeoGqSFwEU\/edit\" target=\"_blank\"><strong>Formulaire d&rsquo;inscription : cliquez ici pour vous inscrire<\/strong><\/a><\/p>\n\n\n\n<div class=\"is-layout-flex wp-block-buttons\">\n<div class=\"wp-block-button aligncenter\"><a class=\"wp-block-button__link wp-element-button\" href=\"https:\/\/docs.google.com\/forms\/d\/10W7kU6E7ICmDIu3ju77NfHW-t3Wg40uU5zeoGqSFwEU\/edit\" target=\"_blank\" rel=\"noreferrer noopener\">S&rsquo;INSCRIRE EN LIGNE<\/a><\/div>\n<\/div>\n\n\n\n<p><strong>Descriptif du lieu de stages:&nbsp;<\/strong><\/p>\n\n\n\n<ul>\n<li><strong>LIZIERES<\/strong>&nbsp;\u2013 11 All\u00e9e Comt\u00e9 de Lostanges 02400 EPAUX \u2013 BEZU<\/li>\n<\/ul>\n\n\n<div class=\"wp-block-image\">\n<figure class=\"alignleft\"><img decoding=\"async\" loading=\"lazy\" width=\"275\" height=\"183\" src=\"https:\/\/yoga-chamanisme.com\/wp-content\/uploads\/2018\/07\/lizieres-chateau.jpeg\" alt=\"lizieres chateau\" class=\"wp-image-125\"\/><\/figure><\/div>\n\n\n<p>site web :<strong><a href=\"https:\/\/www.lizieres.org\/\">&nbsp;www.lizieres.org<\/a><\/strong><\/p>\n\n\n\n<p><strong>Tarif:&nbsp;<\/strong>&nbsp;&nbsp;<strong>440 euros<\/strong><br>Tarif pour l\u2019animation des 2 jours de Stage : 300 euros \/ personne.<br>Ce tarif s\u2019entend sur la prestation d\u2019organisation du stage et des diff\u00e9rents ateliers.<br>Tarif pour l\u2019h\u00e9bergement : 140 euros les 2 nuits \u00e0 Lizi\u00e8res en chambre partag\u00e9e.<br>Ce tarif ne comprend ni le transport, ni la restauration, \u00e0 la charge des participants. Il est demand\u00e9 \u00e0 chacun d\u2019apporter de quoi subvenir \u00e0 sa propre restauration sur la dur\u00e9e du stage. La cuisine du lieu sera mise \u00e0 disposition pour la restauration et le partage de plats cuisin\u00e9s. Cuisine v\u00e9g\u00e9tarienne appr\u00e9ci\u00e9e.<\/p>\n\n\n<div class=\"wp-block-image\">\n<figure class=\"alignleft\"><img decoding=\"async\" loading=\"lazy\" width=\"300\" height=\"168\" src=\"https:\/\/yoga-chamanisme.com\/wp-content\/uploads\/2018\/07\/Lizieres-Salle-300x168.jpeg\" alt=\"Lizieres Salle\" class=\"wp-image-127\"\/><\/figure><\/div>\n\n\n<p><br>Pour r\u00e9server : Envoyer un Email sur : contact@yoga-chamanisme.com pour recevoir plus d\u2019infos et les modalit\u00e9s d\u2019inscriptions.<\/p>\n\n\n\n<figure class=\"wp-block-image\"><img decoding=\"async\" loading=\"lazy\" width=\"275\" height=\"183\" src=\"https:\/\/yoga-chamanisme.com\/wp-content\/uploads\/2018\/07\/lizieres-yoga.jpeg\" alt=\"lizieres yoga\" class=\"wp-image-129\"\/><\/figure>\n\n\n<div class=\"wp-block-image\">\n<figure class=\"alignright\"><img decoding=\"async\" loading=\"lazy\" width=\"275\" height=\"183\" src=\"https:\/\/yoga-chamanisme.com\/wp-content\/uploads\/2018\/07\/lizieres-salon.jpeg\" alt=\"lizieres salon\" class=\"wp-image-128\"\/><\/figure><\/div>\n\n\n<p><strong>\u200b<\/strong><\/p>\n\n\n\n<p><strong>\u200b<\/strong><\/p>\n","protected":false},"excerpt":{"rendered":"<p>Etudes c\u00e9lestes Voyages et \u00e9tats modifi\u00e9s de conscience \u00e0 longues port\u00e9es Th\u00e9matique : Ombre &amp; Lumi\u00e8re Prochaines Dates et Lieux : Formulaire d&rsquo;inscription : cliquez ici pour vous inscrire Descriptif du lieu de stages:&nbsp; site web :&nbsp;www.lizieres.org Tarif:&nbsp;&nbsp;&nbsp;440 eurosTarif pour &hellip; <a href=\"https:\/\/yoga-chamanisme.com\/index.php\/stage-stellar\/\">Lire la suite\u00ad\u00ad<\/a><\/p>\n","protected":false},"author":1,"featured_media":0,"parent":0,"menu_order":0,"comment_status":"closed","ping_status":"closed","template":"","meta":[],"_links":{"self":[{"href":"https:\/\/yoga-chamanisme.com\/index.php\/wp-json\/wp\/v2\/pages\/732"}],"collection":[{"href":"https:\/\/yoga-chamanisme.com\/index.php\/wp-json\/wp\/v2\/pages"}],"about":[{"href":"https:\/\/yoga-chamanisme.com\/index.php\/wp-json\/wp\/v2\/types\/page"}],"author":[{"embeddable":true,"href":"https:\/\/yoga-chamanisme.com\/index.php\/wp-json\/wp\/v2\/users\/1"}],"replies":[{"embeddable":true,"href":"https:\/\/yoga-chamanisme.com\/index.php\/wp-json\/wp\/v2\/comments?post=732"}],"version-history":[{"count":11,"href":"https:\/\/yoga-chamanisme.com\/index.php\/wp-json\/wp\/v2\/pages\/732\/revisions"}],"predecessor-version":[{"id":1145,"href":"https:\/\/yoga-chamanisme.com\/index.php\/wp-json\/wp\/v2\/pages\/732\/revisions\/1145"}],"wp:attachment":[{"href":"https:\/\/yoga-chamanisme.com\/index.php\/wp-json\/wp\/v2\/media?parent=732"}],"curies":[{"name":"wp","href":"https:\/\/api.w.org\/{rel}","templated":true}]}}