{"id":367,"date":"2019-05-29T18:44:39","date_gmt":"2019-05-29T16:44:39","guid":{"rendered":"http:\/\/yoga-chamanisme.com\/?page_id=367"},"modified":"2025-10-30T18:32:36","modified_gmt":"2025-10-30T17:32:36","slug":"stage-shakti-et-chamanisme","status":"publish","type":"page","link":"https:\/\/yoga-chamanisme.com\/index.php\/stage-shakti-et-chamanisme\/","title":{"rendered":"Stage SHAKTI et CHAMANISME"},"content":{"rendered":"<p style=\"text-align: center;\"><strong>Ce 4\u00e8me volet de travail reprend tous les acquis des pr\u00e9c\u00e9dents stages effectu\u00e9s pour nous conduire \u00e0 la Quintessence de l&rsquo;Etre.<\/strong><\/p>\n<p style=\"text-align: center;\"><strong>Les processus ant\u00e9rieurs nous ont port\u00e9s \u00e0 clarifier et \u00e0 renforcer le champ de notre conscience.<\/strong><\/p>\n<p style=\"text-align: center;\"><strong>La puissante \u00e9nergie cr\u00e9atrice de Shakti va pouvoir se d\u00e9ployer dans sa plus pure manifestation pour permettre \u00e0 nos intentions de prendre forme dans la mati\u00e8re.<\/strong><\/p>\n<figure id=\"attachment_369\" class=\"thumbnail wp-caption aligncenter\" style=\"width: 269px\"><img decoding=\"async\" loading=\"lazy\" class=\"size-medium wp-image-369\" src=\"https:\/\/yoga-chamanisme.com\/wp-content\/uploads\/2019\/05\/SHAKTI-image-Bang-Hai-Ja-Naissance-de-lumie\u0300re-269x300.jpg\" alt=\"Cr\u00e9dit : Bang Hai Ja - Naissance de Lumi\u00e8re\" width=\"269\" height=\"300\" srcset=\"https:\/\/yoga-chamanisme.com\/wp-content\/uploads\/2019\/05\/SHAKTI-image-Bang-Hai-Ja-Naissance-de-lumie\u0300re-269x300.jpg 269w, https:\/\/yoga-chamanisme.com\/wp-content\/uploads\/2019\/05\/SHAKTI-image-Bang-Hai-Ja-Naissance-de-lumie\u0300re-768x856.jpg 768w, https:\/\/yoga-chamanisme.com\/wp-content\/uploads\/2019\/05\/SHAKTI-image-Bang-Hai-Ja-Naissance-de-lumie\u0300re-919x1024.jpg 919w, https:\/\/yoga-chamanisme.com\/wp-content\/uploads\/2019\/05\/SHAKTI-image-Bang-Hai-Ja-Naissance-de-lumie\u0300re.jpg 1436w\" sizes=\"(max-width: 269px) 100vw, 269px\" \/><figcaption class=\"caption wp-caption-text\">Cr\u00e9dit : Bang Hai Ja &#8211; Naissance de Lumi\u00e8re<\/figcaption><\/figure>\n<p style=\"text-align: center;\">La Danse en expression libre prolongera l&rsquo;\u00e9lan mobilisateur induit par le jaillissement de l&rsquo;\u00e9nergie manifest\u00e9e.<\/p>\n<p style=\"text-align: center;\">Cette mise en mouvement soutiendra le processus chamanique, ainsi que sa navigation lors de l&rsquo;exploration de nos paysages int\u00e9rieurs.<\/p>\n<h4><strong>Prochaines Dates et Lieux :<\/strong><\/h4>\n<ul>\n<li>Du vendredi 19h00 au dimanche 17h00 &#8211; <strong>23 24 25 Janvier 2026 \u00e0 Lizi\u00e8res<\/strong><\/li>\n<li>Du vendredi 19h00 au dimanche 17h00 \u2013 <strong>27 28 29 Novembre 2026 \u00e0 Lizi\u00e8res<\/strong><\/li>\n<\/ul>\n<p style=\"text-align: center;\"><a href=\"https:\/\/docs.google.com\/forms\/d\/10W7kU6E7ICmDIu3ju77NfHW-t3Wg40uU5zeoGqSFwEU\/edit\" target=\"_blank\" rel=\"noreferrer noopener\"><strong>Formulaire d&rsquo;inscription : cliquez ici pour vous inscrire<\/strong><\/a><\/p>\n\n\n<div class=\"is-layout-flex wp-block-buttons\">\n<div class=\"wp-block-button aligncenter\"><a class=\"wp-block-button__link wp-element-button\" href=\"https:\/\/docs.google.com\/forms\/d\/10W7kU6E7ICmDIu3ju77NfHW-t3Wg40uU5zeoGqSFwEU\/edit\" target=\"_blank\" rel=\"noreferrer noopener\">S&rsquo;INSCRIRE EN LIGNE<\/a><\/div>\n<\/div>\n\n\n<h4><strong>Descriptif du lieu de stages:&nbsp;<\/strong><\/h4>\n<ul>\n<li><strong>LIZIERES<\/strong>&nbsp;\u2013 11 All\u00e9e Comt\u00e9 de Lostanges 02400 EPAUX \u2013 BEZU<\/li>\n<\/ul>\n<div class=\"wrap contentclass\">\n<div id=\"content\" class=\"container\">\n<div class=\"row\">\n<div class=\"main col-lg-9 col-md-8\">\n<div class=\"entry-content\">\n<p>site web :<strong><a href=\"https:\/\/www.lizieres.org\/\">&nbsp;www.lizieres.org<\/a><\/strong><br>\n<img decoding=\"async\" loading=\"lazy\" class=\"alignleft wp-image-125\" src=\"https:\/\/yoga-chamanisme.com\/wp-content\/uploads\/2018\/07\/lizieres-chateau.jpeg\" alt=\"lizieres chateau\" width=\"300\" height=\"200\"><\/p>\n<p><strong>Tarif:&nbsp;<\/strong>&nbsp; <strong>440 euros<\/strong><br>\nTarif pour l\u2019animation des 2 jours de Stage : 300 euros \/ personne.<br>\nCe tarif s\u2019entend sur la prestation d\u2019organisation du stage et des diff\u00e9rents ateliers.<br>\nTarif pour l\u2019h\u00e9bergement : 140 euros les 2 nuits \u00e0 Lizi\u00e8res en chambre partag\u00e9e.<span class=\"text_exposed_show\"><br>\nCe tarif ne comprend ni le transport, ni la restauration, \u00e0 la charge des participants. Il est demand\u00e9 \u00e0 chacun d\u2019apporter de quoi subvenir \u00e0 sa propre restauration sur la dur\u00e9e du stage. La cuisine du lieu sera mise \u00e0 disposition pour la restauration et le partage de plats cuisin\u00e9s. Cuisine v\u00e9g\u00e9tarienne appr\u00e9ci\u00e9e.<\/span><\/p>\n<p><img decoding=\"async\" loading=\"lazy\" class=\"alignleft wp-image-127\" src=\"https:\/\/yoga-chamanisme.com\/wp-content\/uploads\/2018\/07\/Lizieres-Salle-300x168.jpeg\" alt=\"Lizieres Salle\" width=\"300\" height=\"168\"><\/p>\n<p><span class=\"text_exposed_show\"><br>\nPour r\u00e9server : Envoyer un Email sur : contact@yoga-chamanisme.com pour recevoir plus d\u2019infos et les modalit\u00e9s d\u2019inscriptions.<\/span><\/p>\n<p><img decoding=\"async\" loading=\"lazy\" class=\"alignleft size-full wp-image-129\" src=\"https:\/\/yoga-chamanisme.com\/wp-content\/uploads\/2018\/07\/lizieres-yoga.jpeg\" alt=\"lizieres yoga\" width=\"275\" height=\"183\"><img decoding=\"async\" loading=\"lazy\" class=\"alignright size-full wp-image-128\" src=\"https:\/\/yoga-chamanisme.com\/wp-content\/uploads\/2018\/07\/lizieres-salon.jpeg\" alt=\"lizieres salon\" width=\"275\" height=\"183\"><\/p>\n<\/div>\n<\/div>\n<aside class=\"col-lg-3 col-md-4 kad-sidebar\">\n<div class=\"sidebar\"><\/div>\n<\/aside>\n<\/div>\n<\/div>\n<\/div>","protected":false},"excerpt":{"rendered":"<p>Ce 4\u00e8me volet de travail reprend tous les acquis des pr\u00e9c\u00e9dents stages effectu\u00e9s pour nous conduire \u00e0 la Quintessence de l&rsquo;Etre. Les processus ant\u00e9rieurs nous ont port\u00e9s \u00e0 clarifier et \u00e0 renforcer le champ de notre conscience. La puissante \u00e9nergie &hellip; <a href=\"https:\/\/yoga-chamanisme.com\/index.php\/stage-shakti-et-chamanisme\/\">Lire la suite\u00ad\u00ad<\/a><\/p>\n","protected":false},"author":1,"featured_media":0,"parent":0,"menu_order":0,"comment_status":"closed","ping_status":"closed","template":"","meta":[],"_links":{"self":[{"href":"https:\/\/yoga-chamanisme.com\/index.php\/wp-json\/wp\/v2\/pages\/367"}],"collection":[{"href":"https:\/\/yoga-chamanisme.com\/index.php\/wp-json\/wp\/v2\/pages"}],"about":[{"href":"https:\/\/yoga-chamanisme.com\/index.php\/wp-json\/wp\/v2\/types\/page"}],"author":[{"embeddable":true,"href":"https:\/\/yoga-chamanisme.com\/index.php\/wp-json\/wp\/v2\/users\/1"}],"replies":[{"embeddable":true,"href":"https:\/\/yoga-chamanisme.com\/index.php\/wp-json\/wp\/v2\/comments?post=367"}],"version-history":[{"count":28,"href":"https:\/\/yoga-chamanisme.com\/index.php\/wp-json\/wp\/v2\/pages\/367\/revisions"}],"predecessor-version":[{"id":1144,"href":"https:\/\/yoga-chamanisme.com\/index.php\/wp-json\/wp\/v2\/pages\/367\/revisions\/1144"}],"wp:attachment":[{"href":"https:\/\/yoga-chamanisme.com\/index.php\/wp-json\/wp\/v2\/media?parent=367"}],"curies":[{"name":"wp","href":"https:\/\/api.w.org\/{rel}","templated":true}]}}