{"id":312,"date":"2018-10-18T18:34:53","date_gmt":"2018-10-18T16:34:53","guid":{"rendered":"http:\/\/yoga-chamanisme.com\/?page_id=312"},"modified":"2025-10-30T18:31:10","modified_gmt":"2025-10-30T17:31:10","slug":"stage-kriya-et-chamanisme","status":"publish","type":"page","link":"https:\/\/yoga-chamanisme.com\/index.php\/stage-kriya-et-chamanisme\/","title":{"rendered":"Stage KRIYA et CHAMANISME"},"content":{"rendered":"<p style=\"text-align: center;\"><strong>Les Kriyas seront utilis\u00e9s pour nettoyer en profondeur nos inflations corporelles, mentales, \u00e9motionnelles et spirituelles.<\/strong><\/p>\n<p style=\"text-align: center;\"><strong>Le Recouvrement d\u2019Ame et l\u2019Extraction, proc\u00e9d\u00e9s majeurs du chamanisme, d\u00e9cupleront l\u2019action de purification.<\/strong><\/p>\n<p style=\"text-align: center;\"><strong>La conjugaison de ces processus m\u00e8nera \u00e0 une meilleure application de soins \u00e0 Soi, \u00e0 l&rsquo;autre, au Monde, avec l\u2019enchantement d\u2019une harmonie restaur\u00e9e.<\/strong><\/p>\n<figure class=\"thumbnail wp-caption aligncenter\" style=\"width: 600px\"><img decoding=\"async\" loading=\"lazy\" class=\"size-full wp-image-313\" src=\"https:\/\/yoga-chamanisme.com\/wp-content\/uploads\/2018\/10\/KRIYA.jpg\" alt=\"Credit \" width=\"600\" height=\"400\" srcset=\"https:\/\/yoga-chamanisme.com\/wp-content\/uploads\/2018\/10\/KRIYA.jpg 600w, https:\/\/yoga-chamanisme.com\/wp-content\/uploads\/2018\/10\/KRIYA-300x200.jpg 300w\" sizes=\"(max-width: 600px) 100vw, 600px\" \/><figcaption class=\"caption wp-caption-text\">Credit Photo JOEY L Varanasi<\/figcaption><\/figure>\n<p style=\"text-align: center;\">Les KRIYA (du sanskrit action, rite, travail, c\u00e9r\u00e9monie), proc\u00e9d\u00e9s utilisant la concentration et l\u2019\u00e9nergie, impliquent des actes d\u2019auto-analyse, d\u2019auto-purification et de d\u00e9veloppement de la conscience de Soi.<\/p>\n<p><em>\u00ab\u00a0Le kriy\u0101 yoga (ou pratique du yoga) se fait selon trois modalit\u00e9s ins\u00e9parables\u00a0: un effort soutenu, la conscience int\u00e9rieure de soi, et l&rsquo;abandon \u00e0 la volont\u00e9 divine. Le kriy\u0101 yoga est pratiqu\u00e9 en vue d&rsquo;att\u00e9nuer les causes de souffrance et de permettre le\u00a0sam\u0101dhi\u00a0[contemplation, union avec le Dieu personnel ou absorption dans l&rsquo;Absolu].\u00a0\u00bb<\/em><\/p>\n<p><em>\u00a0 \u00a0 \u00a0 \u00a0 \u00a0 \u00a0 \u00a0 \u00a0 \u00a0 \u00a0 \u00a0 \u00a0 \u00a0 \u00a0 \u00a0 \u2014 Yoga S\u00fbtra, II, verset 1 et 2 (trad. Fran\u00e7oise Mazet)<\/em><\/p>\n<h4><strong>Prochaines Dates et Lieux :<\/strong><\/h4>\n<ul>\n<li>Du vendredi 19h00 au Dimanche 17h00 \u2013 <strong>12 13 14 JUIN<\/strong>\u00a0<strong>2026 \u00e0 Lizi\u00e8res<\/strong><\/li>\n<\/ul>\n<p style=\"text-align: center;\"><a href=\"https:\/\/docs.google.com\/forms\/d\/10W7kU6E7ICmDIu3ju77NfHW-t3Wg40uU5zeoGqSFwEU\/edit\" target=\"_blank\" rel=\"noreferrer noopener\"><strong>Formulaire d&rsquo;inscription : cliquez ici pour vous inscrire<\/strong><\/a><\/p>\n\n\n<div class=\"is-layout-flex wp-block-buttons\">\n<div class=\"wp-block-button aligncenter\"><a class=\"wp-block-button__link wp-element-button\" href=\"https:\/\/docs.google.com\/forms\/d\/10W7kU6E7ICmDIu3ju77NfHW-t3Wg40uU5zeoGqSFwEU\/edit\" target=\"_blank\" rel=\"noreferrer noopener\">S&rsquo;INSCRIRE EN LIGNE<\/a><\/div>\n<\/div>\n\n\n<p><strong>Descriptif du lieu de stages:&nbsp;<\/strong><\/p>\n<ul>\n<li><strong>LIZIERES<\/strong>&nbsp;\u2013 11 All\u00e9e Comt\u00e9 de Lostanges 02400 EPAUX \u2013 BEZU<\/li>\n<\/ul>\n<div class=\"wrap contentclass\">\n<div id=\"content\" class=\"container\">\n<div class=\"row\">\n<div class=\"main col-lg-9 col-md-8\">\n<div class=\"entry-content\">\n<p>site web :<strong><a href=\"https:\/\/www.lizieres.org\/\">&nbsp;www.lizieres.org<\/a><\/strong><br>\n<img decoding=\"async\" loading=\"lazy\" class=\"alignleft wp-image-125\" src=\"https:\/\/yoga-chamanisme.com\/wp-content\/uploads\/2018\/07\/lizieres-chateau.jpeg\" alt=\"lizieres chateau\" width=\"300\" height=\"200\"><\/p>\n<p><strong>Tarif:&nbsp;<\/strong>&nbsp; <strong>440 euros<\/strong><br>\nTarif pour l\u2019animation des 2 jours de Stage : 300 euros \/ personne.<br>\nCe tarif s\u2019entend sur la prestation d\u2019organisation du stage et des diff\u00e9rents ateliers.<br>\nTarif pour l\u2019h\u00e9bergement : 140 euros les 2 nuits \u00e0 Lizi\u00e8res en chambre partag\u00e9e.<span class=\"text_exposed_show\"><br>\nCe tarif ne comprend ni le transport, ni la restauration, \u00e0 la charge des participants. Il est demand\u00e9 \u00e0 chacun d\u2019apporter de quoi subvenir \u00e0 sa propre restauration sur la dur\u00e9e du stage. La cuisine du lieu sera mise \u00e0 disposition pour la restauration et le partage de plats cuisin\u00e9s. Cuisine v\u00e9g\u00e9tarienne appr\u00e9ci\u00e9e.<\/span><\/p>\n<p><img decoding=\"async\" loading=\"lazy\" class=\"alignleft wp-image-127\" src=\"https:\/\/yoga-chamanisme.com\/wp-content\/uploads\/2018\/07\/Lizieres-Salle-300x168.jpeg\" alt=\"Lizieres Salle\" width=\"300\" height=\"168\"><\/p>\n<p><span class=\"text_exposed_show\"><br>\nPour r\u00e9server : Envoyer un Email sur : contact@yoga-chamanisme.com pour recevoir plus d\u2019infos et les modalit\u00e9s d\u2019inscriptions.<\/span><\/p>\n<p><img decoding=\"async\" loading=\"lazy\" class=\"alignleft size-full wp-image-129\" src=\"https:\/\/yoga-chamanisme.com\/wp-content\/uploads\/2018\/07\/lizieres-yoga.jpeg\" alt=\"lizieres yoga\" width=\"275\" height=\"183\"><img decoding=\"async\" loading=\"lazy\" class=\"alignright size-full wp-image-128\" src=\"https:\/\/yoga-chamanisme.com\/wp-content\/uploads\/2018\/07\/lizieres-salon.jpeg\" alt=\"lizieres salon\" width=\"275\" height=\"183\"><\/p>\n<\/div>\n<\/div>\n<aside class=\"col-lg-3 col-md-4 kad-sidebar\">\n<div class=\"sidebar\"><\/div>\n<\/aside>\n<\/div>\n<\/div>\n<\/div>","protected":false},"excerpt":{"rendered":"<p>Les Kriyas seront utilis\u00e9s pour nettoyer en profondeur nos inflations corporelles, mentales, \u00e9motionnelles et spirituelles. Le Recouvrement d\u2019Ame et l\u2019Extraction, proc\u00e9d\u00e9s majeurs du chamanisme, d\u00e9cupleront l\u2019action de purification. La conjugaison de ces processus m\u00e8nera \u00e0 une meilleure application de soins &hellip; <a href=\"https:\/\/yoga-chamanisme.com\/index.php\/stage-kriya-et-chamanisme\/\">Lire la suite\u00ad\u00ad<\/a><\/p>\n","protected":false},"author":1,"featured_media":0,"parent":0,"menu_order":0,"comment_status":"closed","ping_status":"closed","template":"","meta":[],"_links":{"self":[{"href":"https:\/\/yoga-chamanisme.com\/index.php\/wp-json\/wp\/v2\/pages\/312"}],"collection":[{"href":"https:\/\/yoga-chamanisme.com\/index.php\/wp-json\/wp\/v2\/pages"}],"about":[{"href":"https:\/\/yoga-chamanisme.com\/index.php\/wp-json\/wp\/v2\/types\/page"}],"author":[{"embeddable":true,"href":"https:\/\/yoga-chamanisme.com\/index.php\/wp-json\/wp\/v2\/users\/1"}],"replies":[{"embeddable":true,"href":"https:\/\/yoga-chamanisme.com\/index.php\/wp-json\/wp\/v2\/comments?post=312"}],"version-history":[{"count":21,"href":"https:\/\/yoga-chamanisme.com\/index.php\/wp-json\/wp\/v2\/pages\/312\/revisions"}],"predecessor-version":[{"id":1142,"href":"https:\/\/yoga-chamanisme.com\/index.php\/wp-json\/wp\/v2\/pages\/312\/revisions\/1142"}],"wp:attachment":[{"href":"https:\/\/yoga-chamanisme.com\/index.php\/wp-json\/wp\/v2\/media?parent=312"}],"curies":[{"name":"wp","href":"https:\/\/api.w.org\/{rel}","templated":true}]}}