{"id":249,"date":"2018-10-01T22:01:33","date_gmt":"2018-10-01T20:01:33","guid":{"rendered":"http:\/\/yoga-chamanisme.com\/?page_id=249"},"modified":"2025-10-30T18:31:40","modified_gmt":"2025-10-30T17:31:40","slug":"stage-mantra-et-chamanisme","status":"publish","type":"page","link":"https:\/\/yoga-chamanisme.com\/index.php\/stage-mantra-et-chamanisme\/","title":{"rendered":"Stage MANTRA et CHAMANISME"},"content":{"rendered":"<p style=\"text-align: center;\"><strong>\u00a0<\/strong><strong>Les Mantras pour ajuster la formulation harmonique de nos intentions et d\u00e9finir notre signature vibratoire.<\/strong><\/p>\n<p style=\"text-align: center;\"><strong>La Voix et son Chant seront les outils de soins individuels et collectifs.<\/strong><\/p>\n<p style=\"text-align: center;\"><strong>La Danse en expression libre prolongera l&rsquo;\u00e9lan mobilisateur induit par le Son.<\/strong><\/p>\n<p style=\"text-align: center;\"><strong>Cette mise en mouvement soutiendra le processus chamanique,<\/strong><\/p>\n<p style=\"text-align: center;\"><strong> ainsi que sa navigation lors de l&rsquo;exploration de nos paysages int\u00e9rieurs.<\/strong><\/p>\n<p style=\"text-align: center;\"><img decoding=\"async\" loading=\"lazy\" class=\"aligncenter size-full wp-image-271\" src=\"https:\/\/yoga-chamanisme.com\/wp-content\/uploads\/2018\/10\/MANTRA-IMAGE.jpeg\" alt=\"MANTRA IMAGE\" width=\"236\" height=\"213\" \/><\/p>\n<p style=\"text-align: center;\">\u00a0<strong><em>La d\u00e9finition de nos Missions de Vie sera pr\u00e9cis\u00e9e et mise en valeur par la cr\u00e9ation d\u2019un Mantra propre \u00e0 chacun, scellant le travail r\u00e9alis\u00e9 au cours des diff\u00e9rents ateliers.<\/em><\/strong><\/p>\n<h4><strong>Prochaines Dates et Lieux :<\/strong><\/h4>\n<ul>\n<li>Du vendredi 19h00 au dimanche 17h00 \u2013 <strong>20 21 22 Mars 2026 \u00e0 Lizi\u00e8res<\/strong><\/li>\n<\/ul>\n<p style=\"text-align: center;\"><a href=\"https:\/\/docs.google.com\/forms\/d\/10W7kU6E7ICmDIu3ju77NfHW-t3Wg40uU5zeoGqSFwEU\/edit\" target=\"_blank\" rel=\"noreferrer noopener\"><strong>Formulaire d&rsquo;inscription : cliquez ici pour vous inscrire<\/strong><\/a><\/p>\n\n\n<div class=\"is-layout-flex wp-block-buttons\">\n<div class=\"wp-block-button aligncenter\"><a class=\"wp-block-button__link wp-element-button\" href=\"https:\/\/docs.google.com\/forms\/d\/10W7kU6E7ICmDIu3ju77NfHW-t3Wg40uU5zeoGqSFwEU\/edit\" target=\"_blank\" rel=\"noreferrer noopener\">S&rsquo;INSCRIRE EN LIGNE<\/a><\/div>\n<\/div>\n\n\n<p><strong>Descriptif du lieu de stages:&nbsp;<\/strong><\/p>\n<ul>\n<li><strong>LIZIERES<\/strong>&nbsp;\u2013 11 All\u00e9e Comt\u00e9 de Lostanges 02400 EPAUX \u2013 BEZU<\/li>\n<\/ul>\n<div class=\"wrap contentclass\">\n<div id=\"content\" class=\"container\">\n<div class=\"row\">\n<div class=\"main col-lg-9 col-md-8\">\n<div class=\"entry-content\">\n<p><img decoding=\"async\" loading=\"lazy\" class=\"alignleft wp-image-125\" src=\"https:\/\/yoga-chamanisme.com\/wp-content\/uploads\/2018\/07\/lizieres-chateau.jpeg\" alt=\"lizieres chateau\" width=\"300\" height=\"200\"><\/p>\n<p><strong>Tarif:&nbsp;<\/strong>&nbsp; <strong>440 euros<\/strong><br>\nTarif pour l\u2019animation des 2 jours de Stage : 300 euros \/ personne.<br>\nCe tarif s\u2019entend sur la prestation d\u2019organisation du stage et des diff\u00e9rents ateliers.<br>\nTarif pour l\u2019h\u00e9bergement : 140 euros les 2 nuits \u00e0 Lizi\u00e8res en chambre partag\u00e9e.<span class=\"text_exposed_show\"><br>\nCe tarif ne comprend ni le transport, ni la restauration, \u00e0 la charge des participants. Il est demand\u00e9 \u00e0 chacun d\u2019apporter de quoi subvenir \u00e0 sa propre restauration sur la dur\u00e9e du stage. La cuisine du lieu sera mise \u00e0 disposition pour la restauration et le partage de plats cuisin\u00e9s. Cuisine v\u00e9g\u00e9tarienne appr\u00e9ci\u00e9e.<\/span><\/p>\n<p><img decoding=\"async\" loading=\"lazy\" class=\"alignleft wp-image-127\" src=\"https:\/\/yoga-chamanisme.com\/wp-content\/uploads\/2018\/07\/Lizieres-Salle-300x168.jpeg\" alt=\"Lizieres Salle\" width=\"300\" height=\"168\"><\/p>\n<p><span class=\"text_exposed_show\"><br>\nPour r\u00e9server : Envoyer un Email sur : contact@yoga-chamanisme.com pour recevoir plus d\u2019infos et les modalit\u00e9s d\u2019inscriptions.<\/span><\/p>\n<p><img decoding=\"async\" loading=\"lazy\" class=\"alignleft size-full wp-image-129\" src=\"https:\/\/yoga-chamanisme.com\/wp-content\/uploads\/2018\/07\/lizieres-yoga.jpeg\" alt=\"lizieres yoga\" width=\"275\" height=\"183\"><img decoding=\"async\" loading=\"lazy\" class=\"alignright size-full wp-image-128\" src=\"https:\/\/yoga-chamanisme.com\/wp-content\/uploads\/2018\/07\/lizieres-salon.jpeg\" alt=\"lizieres salon\" width=\"275\" height=\"183\"><\/p>\n<\/div>\n<\/div>\n<aside class=\"col-lg-3 col-md-4 kad-sidebar\">\n<div class=\"sidebar\"><\/div>\n<\/aside>\n<\/div>\n<\/div>\n<\/div>","protected":false},"excerpt":{"rendered":"<p>\u00a0Les Mantras pour ajuster la formulation harmonique de nos intentions et d\u00e9finir notre signature vibratoire. La Voix et son Chant seront les outils de soins individuels et collectifs. La Danse en expression libre prolongera l&rsquo;\u00e9lan mobilisateur induit par le Son. &hellip; <a href=\"https:\/\/yoga-chamanisme.com\/index.php\/stage-mantra-et-chamanisme\/\">Lire la suite\u00ad\u00ad<\/a><\/p>\n","protected":false},"author":1,"featured_media":0,"parent":0,"menu_order":0,"comment_status":"closed","ping_status":"closed","template":"","meta":[],"_links":{"self":[{"href":"https:\/\/yoga-chamanisme.com\/index.php\/wp-json\/wp\/v2\/pages\/249"}],"collection":[{"href":"https:\/\/yoga-chamanisme.com\/index.php\/wp-json\/wp\/v2\/pages"}],"about":[{"href":"https:\/\/yoga-chamanisme.com\/index.php\/wp-json\/wp\/v2\/types\/page"}],"author":[{"embeddable":true,"href":"https:\/\/yoga-chamanisme.com\/index.php\/wp-json\/wp\/v2\/users\/1"}],"replies":[{"embeddable":true,"href":"https:\/\/yoga-chamanisme.com\/index.php\/wp-json\/wp\/v2\/comments?post=249"}],"version-history":[{"count":28,"href":"https:\/\/yoga-chamanisme.com\/index.php\/wp-json\/wp\/v2\/pages\/249\/revisions"}],"predecessor-version":[{"id":1143,"href":"https:\/\/yoga-chamanisme.com\/index.php\/wp-json\/wp\/v2\/pages\/249\/revisions\/1143"}],"wp:attachment":[{"href":"https:\/\/yoga-chamanisme.com\/index.php\/wp-json\/wp\/v2\/media?parent=249"}],"curies":[{"name":"wp","href":"https:\/\/api.w.org\/{rel}","templated":true}]}}