{"id":238,"date":"2018-10-01T21:26:29","date_gmt":"2018-10-01T19:26:29","guid":{"rendered":"http:\/\/yoga-chamanisme.com\/?page_id=238"},"modified":"2025-10-30T18:34:05","modified_gmt":"2025-10-30T17:34:05","slug":"stage-1er-volet-de-travail-yoga-et-chamanisme","status":"publish","type":"page","link":"https:\/\/yoga-chamanisme.com\/index.php\/stage-1er-volet-de-travail-yoga-et-chamanisme\/","title":{"rendered":"Stage YOGA et CHAMANISME"},"content":{"rendered":"<p style=\"text-align: center;\"><strong>Le Yoga pour renforcer l\u2019ancrage corporel et la connectivit\u00e9 intuitive.\u00a0<\/strong><\/p>\n<p style=\"text-align: center;\"><strong>Le Chamanisme comme v\u00e9hicule de la Qu\u00eate de Visions.\u00a0<\/strong><\/p>\n<p style=\"text-align: center;\"><strong>Les Cercles de tambours pour faciliter les Voyages Chamaniques.<\/strong><\/p>\n<p style=\"text-align: center;\"><img decoding=\"async\" loading=\"lazy\" class=\"aligncenter size-medium wp-image-57\" src=\"https:\/\/yoga-chamanisme.com\/wp-content\/uploads\/2018\/05\/paschimo-plume-200x300.jpg\" alt=\"paschimo plume\" width=\"200\" height=\"300\" srcset=\"https:\/\/yoga-chamanisme.com\/wp-content\/uploads\/2018\/05\/paschimo-plume-200x300.jpg 200w, https:\/\/yoga-chamanisme.com\/wp-content\/uploads\/2018\/05\/paschimo-plume.jpg 426w\" sizes=\"(max-width: 200px) 100vw, 200px\" \/><\/p>\n<h4>\u00a0<\/h4>\n<p style=\"text-align: justify;\"><em>Nous travaillerons sur le maintien postural et la respiration afin de restaurer la pleine vitalit\u00e9 par l\u2019effacement des fatigues profondes et l\u2019\u00e9largissement du champ de conscience.<\/em><\/p>\n<p style=\"text-align: justify;\"><em>Cette approche en Yoga sera le socle sur lequel nous nous appuierons pour le deuxi\u00e8me temps fort de ce stage\u00a0: la pratique chamanique.<\/em><\/p>\n<p style=\"text-align: justify;\"><em>Les Cercles organis\u00e9s permettront la mise en place de voyages chamaniques au son du tambour\u00a0: Qu\u00eate de Visions et exploration de l\u2019InfraMonde avec nos guides, alli\u00e9s et animaux de pouvoirs.<\/em><\/p>\n<h4><strong>Prochaines Dates et Lieux :<\/strong><\/h4>\n<ul>\n<li>Du vendredi 19h00 au dimanche 17h00 \u2013 <strong>16 17 18 janvier 2026 \u00e0 Lizi\u00e8res<\/strong><\/li>\n<li>Du vendredi 19h00 au dimanche 17h00 \u2013 <strong>25 26 27 septembre 2026 \u00e0 Lizi\u00e8res<\/strong><\/li>\n<\/ul>\n<p>\u00a0<\/p>\n\n\n<\/p>\n<div class=\"is-layout-flex wp-block-buttons\">\n\n<div class=\"wp-block-button aligncenter\"><a class=\"wp-block-button__link wp-element-button\" href=\"https:\/\/docs.google.com\/forms\/d\/10W7kU6E7ICmDIu3ju77NfHW-t3Wg40uU5zeoGqSFwEU\/edit\" target=\"_blank\" rel=\"noreferrer noopener\">S&rsquo;INSCRIRE EN LIGNE<\/a><\/div>\n\n<\/div>\n<p>\n\n\n<p><\/p>\n<h4><strong>A qui s&rsquo;adresse ce stage:<\/strong><\/h4>\n<p>Vous souhaitez faire un break pour vous ressourcer le temps d&rsquo;un weekend, ou bien&nbsp; approfondir une pratique de yoga d\u00e9j\u00e0 existante en la combinant avec des processus d&rsquo;\u00e9tats modifi\u00e9s de conscience? Vous souhaitez d\u00e9couvrir l&rsquo;univers du chamanisme dans un cadre naturel et accompagn\u00e9 d&rsquo;un staff comp\u00e9tent?<\/p>\n<p>Sentez vous libre de venir tel que vous \u00eates, il n&rsquo;y a pas de pr\u00e9-requis \u00e0 la pratique des diff\u00e9rents ateliers. Soyez assurer que notre encadrement vous permettra de vous r\u00e9g\u00e9n\u00e9rer en profondeur, en retrouvant de la niaque (l&rsquo;\u00e9nergie dans votre corps) et du feeling (capacit\u00e9 \u00e0 percevoir avec justesse votre instant pr\u00e9sent).<\/p>\n<p>Les ateliers sont adapt\u00e9s aux constitutions de chacun, quelque que soit la pratique. Que vous soyez d\u00e9butant ou exp\u00e9riment\u00e9, nous saurons vous proposer de quoi r\u00e9pondre \u00e0 vos attentes.<\/p>\n<p>La pratique de yoga est donc ouverte \u00e0 tous les niveaux.<\/p>\n<p>L&rsquo;initiation au chamanisme se fait toute en douceur et progressivement aux rythmes de battements de tambours et hochets.<\/p>\n<h4><strong>Programme:<\/strong><\/h4>\n<h5>vendredi :&nbsp;<\/h5>\n<p>19h : d\u00e9but du stage, d\u00e9couverte de Lizieres puis diner<\/p>\n<p>21h30 : ouverture du Cercle &#8211; Yoga Nidra &#8211; Coucher<\/p>\n<h5>Samedi :&nbsp;<\/h5>\n<p>9h &#8211; 10h30 : Pratique de Hatha Yoga&nbsp;<\/p>\n<p>11h &#8211; 12h30: Expos\u00e9 Th\u00e9orique sur la pratique du chamanisme &#8211; Les 3 Mondes &#8211; La Traque &#8211; Les Esprits Guides<\/p>\n<p>15h30 &#8211; 19h30: Pratiques de voyages chamaniques au son du tambours &#8211; cercles de paroles<\/p>\n<p>21h30 &#8211; 23h : Danse m\u00e9decine &#8211; Feu dans la nuit<\/p>\n<h5>Dimanche :&nbsp;<\/h5>\n<p>9H30 &#8211; 11h: Pratique de yoga tib\u00e9tain dans la tradition chamanique B\u00f6n<\/p>\n<p>11h30 &#8211; 12h30: Chamanisme dans la nature<\/p>\n<p>14h30 &#8211; 17h : Voyages chamaniques &#8211; ateliers en binomes<\/p>\n<p><\/p>\n<h4><strong>Tarif:&nbsp;<\/strong>&nbsp; <strong>440 euros&nbsp;<\/strong><\/h4>\n<p>Tarif pour l\u2019animation des 2 jours de Stage : 300 euros \/ personne.<br>Ce tarif s\u2019entend sur la prestation d\u2019organisation du stage et des diff\u00e9rents ateliers.<\/p>\n<p>Tarif pour l\u2019h\u00e9bergement : 140 Euros les 2 nuits \u00e0 Lizi\u00e8res en chambre partag\u00e9e.<\/p>\n<p><span class=\"text_exposed_show\">Ce tarif ne comprend ni le transport, ni la restauration, \u00e0 la charge des participants. Il est demand\u00e9 \u00e0 chacun d\u2019apporter de quoi subvenir \u00e0 sa propre restauration sur la dur\u00e9e du stage. La cuisine du lieu sera mise \u00e0 disposition pour la restauration et le partage de plats cuisin\u00e9s. Cuisine v\u00e9g\u00e9tarienne appr\u00e9ci\u00e9e.<\/span><\/p>\n<p><\/p>\n<h4><strong>Lieu du stage:<\/strong><\/h4>\n<ul>\n<li><strong>LIZIERES<\/strong>&nbsp;\u2013 11 All\u00e9e Comt\u00e9 de Lostanges 02400 EPAUX \u2013 BEZU<\/li>\n<\/ul>\n<p><img decoding=\"async\" loading=\"lazy\" class=\"alignleft wp-image-127\" src=\"https:\/\/yoga-chamanisme.com\/wp-content\/uploads\/2018\/07\/Lizieres-Salle-300x168.jpeg\" alt=\"Lizieres Salle\" width=\"300\" height=\"168\"><\/p>\n<p><\/p>\n<h4>&nbsp;<\/h4>\n<p><\/p>\n<div class=\"wrap contentclass\">\n<div id=\"content\" class=\"container\">\n<div class=\"row\">\n<div class=\"main col-lg-9 col-md-8\">\n<div class=\"entry-content\">\n<p><img decoding=\"async\" loading=\"lazy\" class=\"alignleft wp-image-125\" src=\"https:\/\/yoga-chamanisme.com\/wp-content\/uploads\/2018\/07\/lizieres-chateau.jpeg\" alt=\"lizieres chateau\" width=\"300\" height=\"200\"><\/p>\n<p><img decoding=\"async\" loading=\"lazy\" class=\"alignleft size-full wp-image-129\" src=\"https:\/\/yoga-chamanisme.com\/wp-content\/uploads\/2018\/07\/lizieres-yoga.jpeg\" alt=\"lizieres yoga\" width=\"275\" height=\"183\"><img decoding=\"async\" loading=\"lazy\" class=\"alignright size-full wp-image-128\" src=\"https:\/\/yoga-chamanisme.com\/wp-content\/uploads\/2018\/07\/lizieres-salon.jpeg\" alt=\"lizieres salon\" width=\"275\" height=\"183\"><\/p>\n<\/div>\n<\/div>\n<aside class=\"col-lg-3 col-md-4 kad-sidebar\">\n<div class=\"sidebar\">&nbsp;<\/div>\n<\/aside>\n<\/div>\n<\/div>\n<\/div>\n<div class=\"container\">&nbsp;<\/div>\n<div class=\"container\">&nbsp;<\/div>\n<div class=\"container\">&nbsp;<\/div>\n<div class=\"container\">&nbsp;<\/div>\n<div class=\"container\">&nbsp;<\/div>\n<div class=\"container\">&nbsp;<\/div>\n<div class=\"container\">&nbsp;<\/div>\n<div class=\"container\">&nbsp;<\/div>\n<div class=\"container\">&nbsp;<\/div>\n<div class=\"container\">&nbsp;<\/div>\n<div class=\"container\">&nbsp;<\/div>\n<div class=\"container\">&nbsp;<\/div>\n<div class=\"container\">&nbsp;<\/div>\n<div class=\"container\">&nbsp;<\/div>\n<div class=\"container\">&nbsp;<\/div>\n<div class=\"container\">&nbsp;<\/div>\n<div class=\"container\">&nbsp;<\/div>\n<div class=\"container\">&nbsp;<\/div>\n<div class=\"container\">&nbsp;<\/div>\n<div class=\"container\">&nbsp;<\/div>\n<div class=\"container\">&nbsp;<\/div>\n<div class=\"container\">&nbsp;<\/div>\n<div class=\"container\">&nbsp;<\/div>\n<div class=\"container\">&nbsp;<\/div>\n<div class=\"container\">&nbsp;<\/div>\n<div class=\"container\">&nbsp;<\/div>\n<div class=\"container\">&nbsp;<\/div>\n<div class=\"container\">&nbsp;<\/div>\n<div class=\"container\">&nbsp;<\/div>\n<div class=\"container\">&nbsp;<\/div>\n<div class=\"container\">&nbsp;<\/div>\n<div class=\"container\">&nbsp;<\/div>\n<div class=\"container\">&nbsp;<\/div>\n<div class=\"container\">&nbsp;<\/div>\n<div class=\"container\">&nbsp;<\/div>\n<div class=\"container\">&nbsp;<\/div>\n<div class=\"container\">&nbsp;<\/div>\n<div class=\"container\">&nbsp;<\/div>\n<div class=\"container\">&nbsp;<\/div>\n<div class=\"container\">&nbsp;<\/div>\n<div class=\"container\">&nbsp;<\/div>\n<div class=\"container\">&nbsp;<\/div>\n<div class=\"container\">&nbsp;<\/div>\n<div class=\"container\">&nbsp;<\/div>\n<div class=\"container\">&nbsp;<\/div>\n<div class=\"container\">&nbsp;<\/div>\n<div class=\"container\">&nbsp;<\/div>\n<div class=\"container\">&nbsp;<\/div>\n<div class=\"container\">&nbsp;<\/div>\n<div class=\"container\">&nbsp;<\/div>\n<div class=\"container\">&nbsp;<\/div>\n<div class=\"container\">&nbsp;<\/div>\n<div class=\"container\">&nbsp;<\/div>\n<div class=\"container\">&nbsp;<\/div>\n<div class=\"container\">&nbsp;<\/div>\n<div class=\"container\">&nbsp;<\/div>\n<div class=\"container\">&nbsp;<\/div>\n<div class=\"container\">&nbsp;<\/div>\n<div class=\"container\">&nbsp;<\/div>\n\n","protected":false},"excerpt":{"rendered":"<p>Le Yoga pour renforcer l\u2019ancrage corporel et la connectivit\u00e9 intuitive.\u00a0 Le Chamanisme comme v\u00e9hicule de la Qu\u00eate de Visions.\u00a0 Les Cercles de tambours pour faciliter les Voyages Chamaniques. \u00a0 Nous travaillerons sur le maintien postural et la respiration afin de &hellip; <a href=\"https:\/\/yoga-chamanisme.com\/index.php\/stage-1er-volet-de-travail-yoga-et-chamanisme\/\">Lire la suite\u00ad\u00ad<\/a><\/p>\n","protected":false},"author":1,"featured_media":0,"parent":0,"menu_order":0,"comment_status":"closed","ping_status":"closed","template":"","meta":[],"_links":{"self":[{"href":"https:\/\/yoga-chamanisme.com\/index.php\/wp-json\/wp\/v2\/pages\/238"}],"collection":[{"href":"https:\/\/yoga-chamanisme.com\/index.php\/wp-json\/wp\/v2\/pages"}],"about":[{"href":"https:\/\/yoga-chamanisme.com\/index.php\/wp-json\/wp\/v2\/types\/page"}],"author":[{"embeddable":true,"href":"https:\/\/yoga-chamanisme.com\/index.php\/wp-json\/wp\/v2\/users\/1"}],"replies":[{"embeddable":true,"href":"https:\/\/yoga-chamanisme.com\/index.php\/wp-json\/wp\/v2\/comments?post=238"}],"version-history":[{"count":46,"href":"https:\/\/yoga-chamanisme.com\/index.php\/wp-json\/wp\/v2\/pages\/238\/revisions"}],"predecessor-version":[{"id":1146,"href":"https:\/\/yoga-chamanisme.com\/index.php\/wp-json\/wp\/v2\/pages\/238\/revisions\/1146"}],"wp:attachment":[{"href":"https:\/\/yoga-chamanisme.com\/index.php\/wp-json\/wp\/v2\/media?parent=238"}],"curies":[{"name":"wp","href":"https:\/\/api.w.org\/{rel}","templated":true}]}}