{"id":20,"date":"2018-05-17T00:14:19","date_gmt":"2018-05-16T22:14:19","guid":{"rendered":"http:\/\/yoga-chamanisme.com\/?page_id=20"},"modified":"2020-06-18T07:56:18","modified_gmt":"2020-06-18T05:56:18","slug":"sandrine-rossarie","status":"publish","type":"page","link":"https:\/\/yoga-chamanisme.com\/index.php\/sandrine-rossarie\/","title":{"rendered":"Sandrine Rossarie"},"content":{"rendered":"<p><img decoding=\"async\" loading=\"lazy\" class=\"alignleft size-medium wp-image-225\" src=\"https:\/\/yoga-chamanisme.com\/wp-content\/uploads\/2018\/05\/Sandrine-portrait-1-_MD_6601-300x200.jpg\" alt=\"Sandrine portrait 1 _MD_6601\" width=\"300\" height=\"200\" srcset=\"https:\/\/yoga-chamanisme.com\/wp-content\/uploads\/2018\/05\/Sandrine-portrait-1-_MD_6601-300x200.jpg 300w, https:\/\/yoga-chamanisme.com\/wp-content\/uploads\/2018\/05\/Sandrine-portrait-1-_MD_6601-768x512.jpg 768w, https:\/\/yoga-chamanisme.com\/wp-content\/uploads\/2018\/05\/Sandrine-portrait-1-_MD_6601-1024x683.jpg 1024w\" sizes=\"(max-width: 300px) 100vw, 300px\" \/>J\u2019ai trouv\u00e9 dans cette discipline ce que je recherchais dans la compl\u00e9mentarit\u00e9 d\u2019une pratique alliant la dimension spirituelle et l\u2019engagement du corps dans une d\u00e9marche de connaissance de Soi m\u00eame et du monde.<\/p>\n<p>C\u2019est la m\u00eame curiosit\u00e9 et le m\u00eame d\u00e9sir d\u2019explorer qui m\u2019ont men\u00e9 plus tard vers le chamanisme ainsi que vers le chant harmonique et la danse m\u00e9decine.<\/p>\n<p>Par ailleurs, j\u2019exerce la profession de psychologue. Le soin est mon m\u00e9tier.<\/p>\n<p>Dans les accompagnements propos\u00e9s j\u2019ouvre \u00e0 chacun qui le d\u00e9sire la possibilit\u00e9 de d\u00e9couvrir mon univers, que j\u2019ai b\u00e2ti sur la compl\u00e9mentarit\u00e9 des enseignements th\u00e9oriques re\u00e7us et l\u2019exp\u00e9rience acquise.<\/p>\n<p>J\u2019ai toujours eu \u00e0 c\u0153ur de transmettre et suis heureuse de continuer \u00e0 le faire, enrichie de mon parcours, afin que ceux qui s\u2019adresse \u00e0 moi aient la joie de se sentir en harmonie sur leur propre chemin.\u00a0Ce partage, je le fais avec respect envers ce qui m\u2019a \u00e9t\u00e9 donn\u00e9, avec bienveillance envers ceux qui m\u2019accordent leur confiance, avec humilit\u00e9 aussi devant ce qu\u2019il y a encore \u00e0 apprendre et pour ce que je re\u00e7ois \u00e0 chaque nouvelle rencontre.<\/p>\n","protected":false},"excerpt":{"rendered":"<p>J\u2019ai trouv\u00e9 dans cette discipline ce que je recherchais dans la compl\u00e9mentarit\u00e9 d\u2019une pratique alliant la dimension spirituelle et l\u2019engagement du corps dans une d\u00e9marche de connaissance de Soi m\u00eame et du monde. C\u2019est la m\u00eame curiosit\u00e9 et le m\u00eame &hellip; <a href=\"https:\/\/yoga-chamanisme.com\/index.php\/sandrine-rossarie\/\">Lire la suite\u00ad\u00ad<\/a><\/p>\n","protected":false},"author":1,"featured_media":0,"parent":0,"menu_order":0,"comment_status":"closed","ping_status":"closed","template":"","meta":[],"_links":{"self":[{"href":"https:\/\/yoga-chamanisme.com\/index.php\/wp-json\/wp\/v2\/pages\/20"}],"collection":[{"href":"https:\/\/yoga-chamanisme.com\/index.php\/wp-json\/wp\/v2\/pages"}],"about":[{"href":"https:\/\/yoga-chamanisme.com\/index.php\/wp-json\/wp\/v2\/types\/page"}],"author":[{"embeddable":true,"href":"https:\/\/yoga-chamanisme.com\/index.php\/wp-json\/wp\/v2\/users\/1"}],"replies":[{"embeddable":true,"href":"https:\/\/yoga-chamanisme.com\/index.php\/wp-json\/wp\/v2\/comments?post=20"}],"version-history":[{"count":5,"href":"https:\/\/yoga-chamanisme.com\/index.php\/wp-json\/wp\/v2\/pages\/20\/revisions"}],"predecessor-version":[{"id":229,"href":"https:\/\/yoga-chamanisme.com\/index.php\/wp-json\/wp\/v2\/pages\/20\/revisions\/229"}],"wp:attachment":[{"href":"https:\/\/yoga-chamanisme.com\/index.php\/wp-json\/wp\/v2\/media?parent=20"}],"curies":[{"name":"wp","href":"https:\/\/api.w.org\/{rel}","templated":true}]}}