{"id":1152,"date":"2026-04-08T19:55:22","date_gmt":"2026-04-08T17:55:22","guid":{"rendered":"https:\/\/yoga-chamanisme.com\/?page_id=1152"},"modified":"2026-04-08T21:43:20","modified_gmt":"2026-04-08T19:43:20","slug":"weekend-yoga-chamanisme-en-dordogne","status":"publish","type":"page","link":"https:\/\/yoga-chamanisme.com\/index.php\/weekend-yoga-chamanisme-en-dordogne\/","title":{"rendered":"Weekend Yoga &#038; Chamanisme en Dordogne"},"content":{"rendered":"\n<p class=\"has-text-align-center\"><strong>Stage de 4 jours dans le Perigord Noir pour le long weekend du 11<\/strong> <strong>au 14 juillet<\/strong><\/p>\n\n\n\n<p class=\"has-text-align-center\">Un stage de niveau \u00ab\u00a0avanc\u00e9\u00a0\u00bb pour des stagiaires qui ont d\u00e9j\u00e0 r\u00e9alis\u00e9 le 1er volet de travail \u00e0 Lizi\u00e8res.<\/p>\n\n\n\n<p class=\"has-text-align-center\">Ce s\u00e9jour est \u00e0 consid\u00e9rer comme un weekend d&rsquo;approfondissement de la pratique de yoga et de chamanisme.<\/p>\n\n\n<div class=\"wp-block-image\">\n<figure class=\"aligncenter size-large is-resized\"><img decoding=\"async\" loading=\"lazy\" src=\"https:\/\/yoga-chamanisme.com\/wp-content\/uploads\/2023\/07\/IMG_2597-1024x768.jpg\" alt=\"\" class=\"wp-image-867\" width=\"512\" height=\"384\" srcset=\"https:\/\/yoga-chamanisme.com\/wp-content\/uploads\/2023\/07\/IMG_2597-1024x768.jpg 1024w, https:\/\/yoga-chamanisme.com\/wp-content\/uploads\/2023\/07\/IMG_2597-300x225.jpg 300w, https:\/\/yoga-chamanisme.com\/wp-content\/uploads\/2023\/07\/IMG_2597-768x576.jpg 768w, https:\/\/yoga-chamanisme.com\/wp-content\/uploads\/2023\/07\/IMG_2597-1536x1152.jpg 1536w, https:\/\/yoga-chamanisme.com\/wp-content\/uploads\/2023\/07\/IMG_2597-2048x1536.jpg 2048w\" sizes=\"(max-width: 512px) 100vw, 512px\" \/><figcaption class=\"wp-element-caption\"><br><strong>Yoga<\/strong><br><strong>Chamanisme<\/strong><br><strong>Randonn\u00e9es dans un site remarquable\u200b<\/strong><\/figcaption><\/figure><\/div>\n\n\n<p><\/p>\n\n\n\n<p><\/p>\n\n\n\n<div class=\"is-layout-flex wp-block-buttons\">\n<div class=\"wp-block-button aligncenter\"><a class=\"wp-block-button__link wp-element-button\" href=\"https:\/\/docs.google.com\/forms\/d\/10W7kU6E7ICmDIu3ju77NfHW-t3Wg40uU5zeoGqSFwEU\/edit\" target=\"_blank\" rel=\"noreferrer noopener\">S&rsquo;INSCRIRE EN LIGNE<\/a><\/div>\n<\/div>\n\n\n<div class=\"wp-block-image\">\n<figure class=\"alignleft size-large is-resized\"><img decoding=\"async\" loading=\"lazy\" src=\"https:\/\/yoga-chamanisme.com\/wp-content\/uploads\/2023\/07\/c692f1a8-9f6c-4a21-a02a-b98f93dbd6e7-6-1024x768.jpg\" alt=\"\" class=\"wp-image-949\" width=\"373\" height=\"280\" srcset=\"https:\/\/yoga-chamanisme.com\/wp-content\/uploads\/2023\/07\/c692f1a8-9f6c-4a21-a02a-b98f93dbd6e7-6-1024x768.jpg 1024w, https:\/\/yoga-chamanisme.com\/wp-content\/uploads\/2023\/07\/c692f1a8-9f6c-4a21-a02a-b98f93dbd6e7-6-300x225.jpg 300w, https:\/\/yoga-chamanisme.com\/wp-content\/uploads\/2023\/07\/c692f1a8-9f6c-4a21-a02a-b98f93dbd6e7-6-768x576.jpg 768w, https:\/\/yoga-chamanisme.com\/wp-content\/uploads\/2023\/07\/c692f1a8-9f6c-4a21-a02a-b98f93dbd6e7-6-1536x1152.jpg 1536w, https:\/\/yoga-chamanisme.com\/wp-content\/uploads\/2023\/07\/c692f1a8-9f6c-4a21-a02a-b98f93dbd6e7-6.jpg 2048w\" sizes=\"(max-width: 373px) 100vw, 373px\" \/><\/figure><\/div>\n\n<div class=\"wp-block-image\">\n<figure class=\"alignright size-large is-resized\"><img decoding=\"async\" loading=\"lazy\" src=\"https:\/\/yoga-chamanisme.com\/wp-content\/uploads\/2023\/07\/IMG_6999-2.jpg\" alt=\"\" class=\"wp-image-948\" width=\"385\" height=\"289\" srcset=\"https:\/\/yoga-chamanisme.com\/wp-content\/uploads\/2023\/07\/IMG_6999-2.jpg 640w, https:\/\/yoga-chamanisme.com\/wp-content\/uploads\/2023\/07\/IMG_6999-2-300x225.jpg 300w\" sizes=\"(max-width: 385px) 100vw, 385px\" \/><\/figure><\/div>\n\n\n<p><\/p>\n\n\n\n<p><\/p>\n\n\n\n<p><\/p>\n\n\n\n<h4><strong>Prochaines Dates et Lieux :<\/strong><\/h4>\n\n\n\n<p><strong>Du Sam 11 Juillet 2026 (17h) au mardi 14 Juillet 2026 (14h)<\/strong><\/p>\n\n\n\n<h4><strong> Lieu de stages:<\/strong><\/h4>\n\n\n\n<ul>\n<li>Sainte Orse : en plein P\u00e9rigord Noir, au milieu du Pays d&rsquo;Ans et de sa magie<\/li>\n<\/ul>\n\n\n\n<p><\/p>\n\n\n\n<p><strong>Tarif:&nbsp;<\/strong>&nbsp;&nbsp;<strong>570 euros<\/strong> TOUT COMPRIS<br><br>Ce tarif s\u2019entend sur la prestation d\u2019organisation du stage, des diff\u00e9rents ateliers, de la restauration et de l&rsquo;h\u00e9bergement (3 nuits).<br>Ce tarif ne comprend pas le transport \u00e0 la charge des participants. <\/p>\n\n\n\n<p>Nous vous indiquerons les modalit\u00e9s de transport pour aller vous chercher et vous ramener \u00e0 la gare de Brive La Gaillarde ou Thenon si vous souhaitez venir en train.<\/p>\n\n\n\n<p><\/p>\n","protected":false},"excerpt":{"rendered":"<p>Stage de 4 jours dans le Perigord Noir pour le long weekend du 11 au 14 juillet Un stage de niveau \u00ab\u00a0avanc\u00e9\u00a0\u00bb pour des stagiaires qui ont d\u00e9j\u00e0 r\u00e9alis\u00e9 le 1er volet de travail \u00e0 Lizi\u00e8res. Ce s\u00e9jour est \u00e0 &hellip; <a href=\"https:\/\/yoga-chamanisme.com\/index.php\/weekend-yoga-chamanisme-en-dordogne\/\">Lire la suite\u00ad\u00ad<\/a><\/p>\n","protected":false},"author":1,"featured_media":0,"parent":0,"menu_order":0,"comment_status":"closed","ping_status":"closed","template":"","meta":[],"_links":{"self":[{"href":"https:\/\/yoga-chamanisme.com\/index.php\/wp-json\/wp\/v2\/pages\/1152"}],"collection":[{"href":"https:\/\/yoga-chamanisme.com\/index.php\/wp-json\/wp\/v2\/pages"}],"about":[{"href":"https:\/\/yoga-chamanisme.com\/index.php\/wp-json\/wp\/v2\/types\/page"}],"author":[{"embeddable":true,"href":"https:\/\/yoga-chamanisme.com\/index.php\/wp-json\/wp\/v2\/users\/1"}],"replies":[{"embeddable":true,"href":"https:\/\/yoga-chamanisme.com\/index.php\/wp-json\/wp\/v2\/comments?post=1152"}],"version-history":[{"count":7,"href":"https:\/\/yoga-chamanisme.com\/index.php\/wp-json\/wp\/v2\/pages\/1152\/revisions"}],"predecessor-version":[{"id":1161,"href":"https:\/\/yoga-chamanisme.com\/index.php\/wp-json\/wp\/v2\/pages\/1152\/revisions\/1161"}],"wp:attachment":[{"href":"https:\/\/yoga-chamanisme.com\/index.php\/wp-json\/wp\/v2\/media?parent=1152"}],"curies":[{"name":"wp","href":"https:\/\/api.w.org\/{rel}","templated":true}]}}